{"id":413,"date":"2021-05-04T11:20:28","date_gmt":"2021-05-04T09:20:28","guid":{"rendered":"https:\/\/sgdesign.fr\/?page_id=413"},"modified":"2023-10-01T18:13:03","modified_gmt":"2023-10-01T16:13:03","slug":"swiza","status":"publish","type":"page","link":"https:\/\/sgdesign.fr\/?page_id=413","title":{"rendered":"SWIZA"},"content":{"rendered":"\n<figure class=\"wp-block-image size-large\"><img loading=\"lazy\" decoding=\"async\" width=\"1024\" height=\"707\" src=\"https:\/\/sgdesign.fr\/wp-content\/uploads\/2021\/05\/Swiza-Accueil-1024x707.jpg\" alt=\"\" class=\"wp-image-414\" srcset=\"https:\/\/sgdesign.fr\/wp-content\/uploads\/2021\/05\/Swiza-Accueil-1024x707.jpg 1024w, https:\/\/sgdesign.fr\/wp-content\/uploads\/2021\/05\/Swiza-Accueil-300x207.jpg 300w, https:\/\/sgdesign.fr\/wp-content\/uploads\/2021\/05\/Swiza-Accueil-768x530.jpg 768w, https:\/\/sgdesign.fr\/wp-content\/uploads\/2021\/05\/Swiza-Accueil-1536x1061.jpg 1536w, https:\/\/sgdesign.fr\/wp-content\/uploads\/2021\/05\/Swiza-Accueil-2048x1414.jpg 2048w, https:\/\/sgdesign.fr\/wp-content\/uploads\/2021\/05\/Swiza-Accueil-150x104.jpg 150w, https:\/\/sgdesign.fr\/wp-content\/uploads\/2021\/05\/Swiza-Accueil-400x276.jpg 400w\" sizes=\"auto, (max-width: 1024px) 100vw, 1024px\" \/><\/figure>\n\n\n\n<p>Le couteau suisse SWIZA avec son design r\u00e9volutionnaire \u00e0 360\u00b0 et sa forme incurv\u00e9e permet une prise en main optimale, facilit\u00e9e par sa texture agr\u00e9able au toucher, souple, anti-glisse et particuli\u00e8rement r\u00e9sistante. Le design savamment \u00e9tudi\u00e9 offre un acc\u00e8s direct aux outils, eux-m\u00eames perfor\u00e9s pour faciliter leur ouverture aussi bien pour un gaucher qu\u2019un droitier.<\/p>\n\n\n\n<figure class=\"wp-block-video\"><video height=\"1440\" style=\"aspect-ratio: 2560 \/ 1440;\" width=\"2560\" autoplay controls loop preload=\"auto\" src=\"https:\/\/sgdesign.fr\/wp-content\/uploads\/2021\/05\/SWIZA_PACKSHOTS.mp4\" playsinline><\/video><\/figure>\n\n\n\n<p>Le nouveau couteau suisse SWIZA r\u00e9compens\u00e9&nbsp;par le prix reddot design award,&nbsp;best of the best 2016 revisite de mani\u00e8re&nbsp;contemporaine un objet culte du patrimoine&nbsp;helv\u00e9tique\u2009:&nbsp;le couteau de poche multifonctions. <\/p>\n\n\n\n<figure class=\"wp-block-image size-large\"><img loading=\"lazy\" decoding=\"async\" width=\"1024\" height=\"538\" src=\"https:\/\/sgdesign.fr\/wp-content\/uploads\/2021\/05\/TTCervelas-1024x538.png\" alt=\"\" class=\"wp-image-418\" srcset=\"https:\/\/sgdesign.fr\/wp-content\/uploads\/2021\/05\/TTCervelas-1024x538.png 1024w, https:\/\/sgdesign.fr\/wp-content\/uploads\/2021\/05\/TTCervelas-300x158.png 300w, https:\/\/sgdesign.fr\/wp-content\/uploads\/2021\/05\/TTCervelas-768x403.png 768w, https:\/\/sgdesign.fr\/wp-content\/uploads\/2021\/05\/TTCervelas-150x79.png 150w, https:\/\/sgdesign.fr\/wp-content\/uploads\/2021\/05\/TTCervelas-400x210.png 400w, https:\/\/sgdesign.fr\/wp-content\/uploads\/2021\/05\/TTCervelas.png 1200w\" sizes=\"auto, (max-width: 1024px) 100vw, 1024px\" \/><\/figure>\n\n\n\n<p>Sa forme incurv\u00e9e permet une prise&nbsp;en main optimale, facilit\u00e9e par sa texture agr\u00e9able au toucher, souple, anti-glisse et particuli\u00e8rement r\u00e9sistante. Le design&nbsp;savamment \u00e9tudi\u00e9 offre un acc\u00e8s direct aux&nbsp;outils, eux-m\u00eames perfor\u00e9s pour faciliter leur ouverture. Le syst\u00e8me de blocage de s\u00e9curit\u00e9, d\u00e9sactiv\u00e9 \u00e0 l\u2019aide d\u2019une simple pression&nbsp;sur la croix SWIZA est id\u00e9alement int\u00e9gr\u00e9&nbsp;dans le manche du couteau.<\/p>\n\n\n\n<figure class=\"wp-block-image size-large\"><img loading=\"lazy\" decoding=\"async\" width=\"1024\" height=\"538\" src=\"https:\/\/sgdesign.fr\/wp-content\/uploads\/2021\/05\/TickTool-SOCIAL-1024x538.png\" alt=\"\" class=\"wp-image-417\" srcset=\"https:\/\/sgdesign.fr\/wp-content\/uploads\/2021\/05\/TickTool-SOCIAL-1024x538.png 1024w, https:\/\/sgdesign.fr\/wp-content\/uploads\/2021\/05\/TickTool-SOCIAL-300x158.png 300w, https:\/\/sgdesign.fr\/wp-content\/uploads\/2021\/05\/TickTool-SOCIAL-768x403.png 768w, https:\/\/sgdesign.fr\/wp-content\/uploads\/2021\/05\/TickTool-SOCIAL-150x79.png 150w, https:\/\/sgdesign.fr\/wp-content\/uploads\/2021\/05\/TickTool-SOCIAL-400x210.png 400w, https:\/\/sgdesign.fr\/wp-content\/uploads\/2021\/05\/TickTool-SOCIAL.png 1200w\" sizes=\"auto, (max-width: 1024px) 100vw, 1024px\" \/><\/figure>\n\n\n\n<p>Les fonctions n\u2019ont rien \u00e0 envier \u00e0 la forme. La lame est r\u00e9alis\u00e9e en acier inoxydable extra solide (440\u2009\/\u200957 HRc). D\u2019autres petits&nbsp;d\u00e9tails pratiques sauront ravir les utilisateurs\u2009:&nbsp;un tire-bouchon type sommelier de 5 spires,&nbsp;l\u2019ouverture ais\u00e9e pour droitier et gaucher,&nbsp;la construction des outils et des platines en acier inoxydable qui avec la mati\u00e8re plastique de haute qualit\u00e9 des c\u00f4tes permet un&nbsp;entretien facile. <\/p>\n\n\n\n<figure class=\"wp-block-image size-large\"><img loading=\"lazy\" decoding=\"async\" width=\"1024\" height=\"538\" src=\"https:\/\/sgdesign.fr\/wp-content\/uploads\/2021\/05\/TTChien02-1024x538.png\" alt=\"\" class=\"wp-image-420\" srcset=\"https:\/\/sgdesign.fr\/wp-content\/uploads\/2021\/05\/TTChien02-1024x538.png 1024w, https:\/\/sgdesign.fr\/wp-content\/uploads\/2021\/05\/TTChien02-300x158.png 300w, https:\/\/sgdesign.fr\/wp-content\/uploads\/2021\/05\/TTChien02-768x403.png 768w, https:\/\/sgdesign.fr\/wp-content\/uploads\/2021\/05\/TTChien02-150x79.png 150w, https:\/\/sgdesign.fr\/wp-content\/uploads\/2021\/05\/TTChien02-400x210.png 400w, https:\/\/sgdesign.fr\/wp-content\/uploads\/2021\/05\/TTChien02.png 1200w\" sizes=\"auto, (max-width: 1024px) 100vw, 1024px\" \/><\/figure>\n\n\n\n<p>Le couteau SWIZA est ainsi&nbsp;occasionnellement lavable au lave-vaisselle jusqu\u2019\u00e0 80\u00b0C\u2009\/\u2009176\u00b0F si une goutte d\u2019huile est ajout\u00e9e aux extr\u00e9mit\u00e9s.&nbsp;V\u00e9ritable accessoire de tous les jours avec de nombreuses fonctions utiles pour les personne moderne et urbaine d&rsquo;aujourd&rsquo;hui.&nbsp;Un couteau de poche indispensable.<\/p>\n\n\n\n<p><a href=\"https:\/\/sgdesign.fr\/?page_id=27\" target=\"_blank\" rel=\"noreferrer noopener\">N&rsquo;h\u00e9sitez pas \u00e0 nous contacter pour connaitre les modalit\u00e9s de distribution des couteaux SWIZA en France et \u00e0 Monaco. <\/a><\/p>\n\n\n\n<figure class=\"wp-block-image size-large\"><img loading=\"lazy\" decoding=\"async\" width=\"1024\" height=\"538\" src=\"https:\/\/sgdesign.fr\/wp-content\/uploads\/2021\/05\/TTTente-1024x538.png\" alt=\"\" class=\"wp-image-421\" srcset=\"https:\/\/sgdesign.fr\/wp-content\/uploads\/2021\/05\/TTTente-1024x538.png 1024w, https:\/\/sgdesign.fr\/wp-content\/uploads\/2021\/05\/TTTente-300x158.png 300w, https:\/\/sgdesign.fr\/wp-content\/uploads\/2021\/05\/TTTente-768x403.png 768w, https:\/\/sgdesign.fr\/wp-content\/uploads\/2021\/05\/TTTente-150x79.png 150w, https:\/\/sgdesign.fr\/wp-content\/uploads\/2021\/05\/TTTente-400x210.png 400w, https:\/\/sgdesign.fr\/wp-content\/uploads\/2021\/05\/TTTente.png 1200w\" sizes=\"auto, (max-width: 1024px) 100vw, 1024px\" \/><\/figure>\n","protected":false},"excerpt":{"rendered":"<p>Le couteau suisse SWIZA avec son design r\u00e9volutionnaire \u00e0 360\u00b0 et sa forme incurv\u00e9e permet une prise en main optimale, facilit\u00e9e par sa texture agr\u00e9able au toucher, souple, anti-glisse et particuli\u00e8rement r\u00e9sistante. Le design savamment \u00e9tudi\u00e9 offre un acc\u00e8s direct aux outils, eux-m\u00eames perfor\u00e9s pour faciliter leur ouverture aussi bien&#8230; <a class=\"continue-reading-link\" href=\"https:\/\/sgdesign.fr\/?page_id=413\"> Continue reading <span class=\"meta-nav\">&rarr; <\/span><\/a><\/p>\n","protected":false},"author":1,"featured_media":0,"parent":0,"menu_order":0,"comment_status":"closed","ping_status":"closed","template":"","meta":{"footnotes":""},"class_list":["post-413","page","type-page","status-publish","hentry"],"_links":{"self":[{"href":"https:\/\/sgdesign.fr\/index.php?rest_route=\/wp\/v2\/pages\/413","targetHints":{"allow":["GET"]}}],"collection":[{"href":"https:\/\/sgdesign.fr\/index.php?rest_route=\/wp\/v2\/pages"}],"about":[{"href":"https:\/\/sgdesign.fr\/index.php?rest_route=\/wp\/v2\/types\/page"}],"author":[{"embeddable":true,"href":"https:\/\/sgdesign.fr\/index.php?rest_route=\/wp\/v2\/users\/1"}],"replies":[{"embeddable":true,"href":"https:\/\/sgdesign.fr\/index.php?rest_route=%2Fwp%2Fv2%2Fcomments&post=413"}],"version-history":[{"count":8,"href":"https:\/\/sgdesign.fr\/index.php?rest_route=\/wp\/v2\/pages\/413\/revisions"}],"predecessor-version":[{"id":509,"href":"https:\/\/sgdesign.fr\/index.php?rest_route=\/wp\/v2\/pages\/413\/revisions\/509"}],"wp:attachment":[{"href":"https:\/\/sgdesign.fr\/index.php?rest_route=%2Fwp%2Fv2%2Fmedia&parent=413"}],"curies":[{"name":"wp","href":"https:\/\/api.w.org\/{rel}","templated":true}]}}